{"id":867,"date":"2020-04-30T11:45:06","date_gmt":"2020-04-30T09:45:06","guid":{"rendered":"https:\/\/www.ledererponzer.com\/staerken-sie-ihr-inneres-selbst\/"},"modified":"2026-03-26T15:09:12","modified_gmt":"2026-03-26T14:09:12","slug":"staerken-sie-ihr-inneres-selbst","status":"publish","type":"page","link":"https:\/\/www.ledererponzer.com\/de\/staerken-sie-ihr-inneres-selbst\/","title":{"rendered":"Coaching \u2013 Ermutigen Sie Ihr inneres Selbst!"},"content":{"rendered":"\n<p><\/p>\n\n<h2 class=\"wp-block-heading\"><span class=\"has-inline-color has-very-dark-gray-color\"><strong>\u201eDie einzige Konstante im Universum ist der Wandel.\u201c<\/strong><\/span><\/h2>\n\n<p class=\"has-text-align-right\"><em>(\u201ePanta rhei\u201c, Heraklit, 500 v. Chr.)<\/em><\/p>\n\n<h3 class=\"wp-block-heading\"><span style=\"color:#61ae24\" class=\"has-inline-color\">St\u00e4rken und festigen Sie Ihr inneres Selbst, um sich bewusster zu werden, wer Sie sind, und wirksamer in dem, was Sie tun und was Sie erreichen m\u00f6chten &#8230;<\/span><\/h3>\n\n<h4 class=\"wp-block-heading\">&#8230; als F\u00fchrungskraft, Talent, Mitarbeiter:in, Einzelunternehmer:in oder als Privatperson auf der Suche nach neuen beruflichen Herausforderungen.<\/h4>\n\n<div style=\"height:40px\" aria-hidden=\"true\" class=\"wp-block-spacer\"><\/div>\n\n<div style=\"height:40px\" aria-hidden=\"true\" class=\"wp-block-spacer\"><\/div>\n\n<h3 class=\"has-text-color wp-block-heading\" style=\"color:#61ae24\">Warum ist es so wichtig, in sich selbst zu wachsen?<\/h3>\n\n<p><span class=\"has-inline-color has-very-dark-gray-color\">\u201e<strong>Panta rhei \u2013 alles flie\u00dft<\/strong>\u201c, pflegte Heraklit von Ephesos, ein Philosoph im antiken Griechenland, bereits um 500 v. Chr. zu sagen. Und erst jetzt verstehen wir wirklich, was er meinte und dass er absolut recht hatte.<\/span> Wenn Sie sich nicht ver\u00e4ndern, stagnieren Sie. Pers\u00f6nliche Entwicklung und Wachstum \u2013 das ist es, was uns ausmacht.<\/p>\n\n<p><strong>Wer wir sind, bestimmt, wie wir auf unser Umfeld wirken.<\/strong> Von Beginn unseres Lebens an, sobald wir geboren sind, ver\u00e4ndern wir uns kontinuierlich, w\u00e4hrend wir uns immer weiterentwickeln. Dasselbe gilt f\u00fcr unsere Rollen im beruflichen und privaten Leben. Wir k\u00f6nnen unsere Perspektiven identifizieren, unsere M\u00f6glichkeiten erkennen und unsere Entscheidungen treffen \u2013 und dann handeln und das Gelernte vertiefen. Indem wir unser inneres Selbst st\u00e4rken, festigen wir unsere Authentizit\u00e4t und unseren Mut und damit unsere Wirkung auf unser direktes Umfeld sowie die Art und Weise, wie wir unsere Teams f\u00fchren.<\/p>\n\n<p><strong>Begeben Sie sich auf diese Reise und <strong>entfalten Sie Ihr Potenzial.<\/strong> Verstehen Sie Ihre Werte, was das Leben f\u00fcr Sie bedeutet, sowie neue Perspektiven. <\/strong>Versuchen Sie, Ihre inneren Verhinderer zu benennen und lernen Sie, mit ihnen umzugehen. Verstehen Sie, wie Sie Ihr Gleichgewicht finden und wie Sie sich selbst ermutigen und st\u00e4rken k\u00f6nnen. Es geht um Motivation, die durch neue Perspektiven und das Vertrauen in das, was f\u00fcr Sie richtig ist, entsteht.<\/p>\n\n<p><strong>Coaching kann sehr transformierend sein.<\/strong> Es h\u00e4ngt alles von Ihnen ab, es liegt alles in Ihnen. Es ist immer der richtige Zeitpunkt, um eine transformative Reise zu beginnen. Je st\u00e4rker Ihre innere F\u00fchrungspers\u00f6nlichkeit wird, desto mehr k\u00f6nnen Sie sich selbst f\u00fchren und desto authentischer und effektiver werden Sie in der Lage sein, Ihre Crew durch st\u00fcrmische Gew\u00e4sser in ein ruhigeres, offenes Meer und zur n\u00e4chsten Insel am Horizont zu leiten.<\/p>\n\n<h3 class=\"wp-block-heading\"><span style=\"color:#61ae24\" class=\"has-inline-color\">Ich bin hier, um Sie auf Ihrem Weg zu begleiten &#8230;<\/span><\/h3>\n\n<p><strong>Ich bin ein leidenschaftlicher Coach<\/strong>, ausgebildet im <strong>Co-active\u00ae Coaching Model<\/strong> | Co-active\u00ae Training Institute | <a rel=\"noreferrer noopener\" href=\"http:\/\/www.coactive.com\" target=\"_blank\">www.coactive.com<\/a> sowie im \u201e<strong>The Leadership Circle Profile<\/strong>\u201c, einem 360\u00b0-Leadership-Assessment-Tool und Coaching-Modell | <a rel=\"noreferrer noopener\" href=\"http:\/\/leadershipcircle.com\" target=\"_blank\">www.leadershipcircle.com<\/a>.<\/p>\n\n<p><strong>Beides sind spannende und kraftvolle Modelle, die Sie dabei unterst\u00fctzen, sich selbst zu ermutigen und zu st\u00e4rken, und Ihnen helfen, in Ihrer privaten und beruflichen Rolle zu gl\u00e4nzen.<\/strong>  In jedem von uns steckt eine F\u00fchrungskraft \u2013 diejenige, die uns leitet, wie wir uns durch unser eigenes Leben f\u00fchren, und diejenige, die uns leitet, wie wir in unserem Berufsleben f\u00fchren.<\/p>\n\n<h3 class=\"has-text-color wp-block-heading\" style=\"color:#61ae24\">&#8230; und gemeinsam mit Ihnen \u2013 f\u00fcr Sie \u2013 das \u201eBest-Fit-Paket\u201c zu gestalten!<\/h3>\n\n<p><strong>Ihr Potenzial steht Ihnen zur Verf\u00fcgung. Ich unterst\u00fctze Sie dabei, es zu identifizieren und freizusetzen. <\/strong>Wie? Es kann entweder das eine oder eine Mischung aus &#8230; sein.<\/p>\n\n<p>Executive Coaching | Leadership Coaching | Team Coaching | Karriere-Coaching | Talent-Coaching | Startup-Coaching | Business Coaching | Mentoring | Konfliktmanagement<\/p>\n\n<p><strong>Probieren Sie es einfach aus und kontaktieren Sie mich<\/strong>, wenn Sie mehr dar\u00fcber erfahren m\u00f6chten, wie Sie Ihr Potenzial erkennen und entfalten k\u00f6nnen.<\/p>\n\n<h3 class=\"wp-block-heading\"><span style=\"color:#61ae24\" class=\"has-inline-color\">Ermutigen | St\u00e4rken | Exzellent sein \u2013 zuerst Sie selbst, dann Ihr Team.<\/span><\/h3>\n\n<p><\/p>\n","protected":false},"excerpt":{"rendered":"<p>\u201eDie einzige Konstante im Universum ist der Wandel.\u201c (\u201ePanta rhei\u201c, Heraklit, 500 v. Chr.) St\u00e4rken und festigen Sie Ihr inneres Selbst, um sich bewusster zu werden, wer Sie sind, und wirksamer in dem, was Sie tun und was Sie erreichen m\u00f6chten &#8230; &#8230; als F\u00fchrungskraft, Talent, Mitarbeiter:in, Einzelunternehmer:in oder als Privatperson auf der Suche nach&hellip;<\/p>\n","protected":false},"author":2,"featured_media":868,"parent":0,"menu_order":0,"comment_status":"closed","ping_status":"closed","template":"","meta":{"footnotes":""},"class_list":["post-867","page","type-page","status-publish","has-post-thumbnail","hentry"],"yoast_head":"<!-- This site is optimized with the Yoast SEO plugin v27.3 - https:\/\/yoast.com\/product\/yoast-seo-wordpress\/ -->\n<title>Coaching \u2013 Ermutigen Sie Ihr inneres Selbst! - Lederer-Ponzer Consulting<\/title>\n<meta name=\"robots\" content=\"index, follow, max-snippet:-1, max-image-preview:large, max-video-preview:-1\" \/>\n<link rel=\"canonical\" href=\"https:\/\/www.ledererponzer.com\/de\/staerken-sie-ihr-inneres-selbst\/\" \/>\n<meta property=\"og:locale\" content=\"de_DE\" \/>\n<meta property=\"og:type\" content=\"article\" \/>\n<meta property=\"og:title\" content=\"Coaching \u2013 Ermutigen Sie Ihr inneres Selbst! - Lederer-Ponzer Consulting\" \/>\n<meta property=\"og:description\" content=\"\u201eDie einzige Konstante im Universum ist der Wandel.\u201c (\u201ePanta rhei\u201c, Heraklit, 500 v. Chr.) St\u00e4rken und festigen Sie Ihr inneres Selbst, um sich bewusster zu werden, wer Sie sind, und wirksamer in dem, was Sie tun und was Sie erreichen m\u00f6chten &#8230; &#8230; als F\u00fchrungskraft, Talent, Mitarbeiter:in, Einzelunternehmer:in oder als Privatperson auf der Suche nach&hellip;\" \/>\n<meta property=\"og:url\" content=\"https:\/\/www.ledererponzer.com\/de\/staerken-sie-ihr-inneres-selbst\/\" \/>\n<meta property=\"og:site_name\" content=\"Lederer-Ponzer Consulting\" \/>\n<meta property=\"article:modified_time\" content=\"2026-03-26T14:09:12+00:00\" \/>\n<meta property=\"og:image\" content=\"https:\/\/www.ledererponzer.com\/wp-content\/uploads\/2020\/05\/Niklas_Schnaubelt-3737-scaled.jpg\" \/>\n\t<meta property=\"og:image:width\" content=\"2560\" \/>\n\t<meta property=\"og:image:height\" content=\"1709\" \/>\n\t<meta property=\"og:image:type\" content=\"image\/jpeg\" \/>\n<meta name=\"twitter:card\" content=\"summary_large_image\" \/>\n<meta name=\"twitter:label1\" content=\"Gesch\u00e4tzte Lesezeit\" \/>\n\t<meta name=\"twitter:data1\" content=\"3\u00a0Minuten\" \/>\n<script type=\"application\/ld+json\" class=\"yoast-schema-graph\">{\"@context\":\"https:\\\/\\\/schema.org\",\"@graph\":[{\"@type\":\"WebPage\",\"@id\":\"https:\\\/\\\/www.ledererponzer.com\\\/de\\\/staerken-sie-ihr-inneres-selbst\\\/\",\"url\":\"https:\\\/\\\/www.ledererponzer.com\\\/de\\\/staerken-sie-ihr-inneres-selbst\\\/\",\"name\":\"Coaching \u2013 Ermutigen Sie Ihr inneres Selbst! - Lederer-Ponzer Consulting\",\"isPartOf\":{\"@id\":\"https:\\\/\\\/www.ledererponzer.com\\\/de\\\/#website\"},\"primaryImageOfPage\":{\"@id\":\"https:\\\/\\\/www.ledererponzer.com\\\/de\\\/staerken-sie-ihr-inneres-selbst\\\/#primaryimage\"},\"image\":{\"@id\":\"https:\\\/\\\/www.ledererponzer.com\\\/de\\\/staerken-sie-ihr-inneres-selbst\\\/#primaryimage\"},\"thumbnailUrl\":\"https:\\\/\\\/www.ledererponzer.com\\\/wp-content\\\/uploads\\\/2020\\\/05\\\/Niklas_Schnaubelt-3737-scaled.jpg\",\"datePublished\":\"2020-04-30T09:45:06+00:00\",\"dateModified\":\"2026-03-26T14:09:12+00:00\",\"breadcrumb\":{\"@id\":\"https:\\\/\\\/www.ledererponzer.com\\\/de\\\/staerken-sie-ihr-inneres-selbst\\\/#breadcrumb\"},\"inLanguage\":\"de\",\"potentialAction\":[{\"@type\":\"ReadAction\",\"target\":[\"https:\\\/\\\/www.ledererponzer.com\\\/de\\\/staerken-sie-ihr-inneres-selbst\\\/\"]}]},{\"@type\":\"ImageObject\",\"inLanguage\":\"de\",\"@id\":\"https:\\\/\\\/www.ledererponzer.com\\\/de\\\/staerken-sie-ihr-inneres-selbst\\\/#primaryimage\",\"url\":\"https:\\\/\\\/www.ledererponzer.com\\\/wp-content\\\/uploads\\\/2020\\\/05\\\/Niklas_Schnaubelt-3737-scaled.jpg\",\"contentUrl\":\"https:\\\/\\\/www.ledererponzer.com\\\/wp-content\\\/uploads\\\/2020\\\/05\\\/Niklas_Schnaubelt-3737-scaled.jpg\",\"width\":2560,\"height\":1709},{\"@type\":\"BreadcrumbList\",\"@id\":\"https:\\\/\\\/www.ledererponzer.com\\\/de\\\/staerken-sie-ihr-inneres-selbst\\\/#breadcrumb\",\"itemListElement\":[{\"@type\":\"ListItem\",\"position\":1,\"name\":\"Startseite\",\"item\":\"https:\\\/\\\/www.ledererponzer.com\\\/de\\\/\"},{\"@type\":\"ListItem\",\"position\":2,\"name\":\"Coaching \u2013 Ermutigen Sie Ihr inneres Selbst!\"}]},{\"@type\":\"WebSite\",\"@id\":\"https:\\\/\\\/www.ledererponzer.com\\\/de\\\/#website\",\"url\":\"https:\\\/\\\/www.ledererponzer.com\\\/de\\\/\",\"name\":\"Lederer-Ponzer Consulting\",\"description\":\"Management Consulting &amp; Coaching\",\"potentialAction\":[{\"@type\":\"SearchAction\",\"target\":{\"@type\":\"EntryPoint\",\"urlTemplate\":\"https:\\\/\\\/www.ledererponzer.com\\\/de\\\/?s={search_term_string}\"},\"query-input\":{\"@type\":\"PropertyValueSpecification\",\"valueRequired\":true,\"valueName\":\"search_term_string\"}}],\"inLanguage\":\"de\"}]}<\/script>\n<!-- \/ Yoast SEO plugin. -->","yoast_head_json":{"title":"Coaching \u2013 Ermutigen Sie Ihr inneres Selbst! - Lederer-Ponzer Consulting","robots":{"index":"index","follow":"follow","max-snippet":"max-snippet:-1","max-image-preview":"max-image-preview:large","max-video-preview":"max-video-preview:-1"},"canonical":"https:\/\/www.ledererponzer.com\/de\/staerken-sie-ihr-inneres-selbst\/","og_locale":"de_DE","og_type":"article","og_title":"Coaching \u2013 Ermutigen Sie Ihr inneres Selbst! - Lederer-Ponzer Consulting","og_description":"\u201eDie einzige Konstante im Universum ist der Wandel.\u201c (\u201ePanta rhei\u201c, Heraklit, 500 v. Chr.) St\u00e4rken und festigen Sie Ihr inneres Selbst, um sich bewusster zu werden, wer Sie sind, und wirksamer in dem, was Sie tun und was Sie erreichen m\u00f6chten &#8230; &#8230; als F\u00fchrungskraft, Talent, Mitarbeiter:in, Einzelunternehmer:in oder als Privatperson auf der Suche nach&hellip;","og_url":"https:\/\/www.ledererponzer.com\/de\/staerken-sie-ihr-inneres-selbst\/","og_site_name":"Lederer-Ponzer Consulting","article_modified_time":"2026-03-26T14:09:12+00:00","og_image":[{"width":2560,"height":1709,"url":"https:\/\/www.ledererponzer.com\/wp-content\/uploads\/2020\/05\/Niklas_Schnaubelt-3737-scaled.jpg","type":"image\/jpeg"}],"twitter_card":"summary_large_image","twitter_misc":{"Gesch\u00e4tzte Lesezeit":"3\u00a0Minuten"},"schema":{"@context":"https:\/\/schema.org","@graph":[{"@type":"WebPage","@id":"https:\/\/www.ledererponzer.com\/de\/staerken-sie-ihr-inneres-selbst\/","url":"https:\/\/www.ledererponzer.com\/de\/staerken-sie-ihr-inneres-selbst\/","name":"Coaching \u2013 Ermutigen Sie Ihr inneres Selbst! - Lederer-Ponzer Consulting","isPartOf":{"@id":"https:\/\/www.ledererponzer.com\/de\/#website"},"primaryImageOfPage":{"@id":"https:\/\/www.ledererponzer.com\/de\/staerken-sie-ihr-inneres-selbst\/#primaryimage"},"image":{"@id":"https:\/\/www.ledererponzer.com\/de\/staerken-sie-ihr-inneres-selbst\/#primaryimage"},"thumbnailUrl":"https:\/\/www.ledererponzer.com\/wp-content\/uploads\/2020\/05\/Niklas_Schnaubelt-3737-scaled.jpg","datePublished":"2020-04-30T09:45:06+00:00","dateModified":"2026-03-26T14:09:12+00:00","breadcrumb":{"@id":"https:\/\/www.ledererponzer.com\/de\/staerken-sie-ihr-inneres-selbst\/#breadcrumb"},"inLanguage":"de","potentialAction":[{"@type":"ReadAction","target":["https:\/\/www.ledererponzer.com\/de\/staerken-sie-ihr-inneres-selbst\/"]}]},{"@type":"ImageObject","inLanguage":"de","@id":"https:\/\/www.ledererponzer.com\/de\/staerken-sie-ihr-inneres-selbst\/#primaryimage","url":"https:\/\/www.ledererponzer.com\/wp-content\/uploads\/2020\/05\/Niklas_Schnaubelt-3737-scaled.jpg","contentUrl":"https:\/\/www.ledererponzer.com\/wp-content\/uploads\/2020\/05\/Niklas_Schnaubelt-3737-scaled.jpg","width":2560,"height":1709},{"@type":"BreadcrumbList","@id":"https:\/\/www.ledererponzer.com\/de\/staerken-sie-ihr-inneres-selbst\/#breadcrumb","itemListElement":[{"@type":"ListItem","position":1,"name":"Startseite","item":"https:\/\/www.ledererponzer.com\/de\/"},{"@type":"ListItem","position":2,"name":"Coaching \u2013 Ermutigen Sie Ihr inneres Selbst!"}]},{"@type":"WebSite","@id":"https:\/\/www.ledererponzer.com\/de\/#website","url":"https:\/\/www.ledererponzer.com\/de\/","name":"Lederer-Ponzer Consulting","description":"Management Consulting &amp; Coaching","potentialAction":[{"@type":"SearchAction","target":{"@type":"EntryPoint","urlTemplate":"https:\/\/www.ledererponzer.com\/de\/?s={search_term_string}"},"query-input":{"@type":"PropertyValueSpecification","valueRequired":true,"valueName":"search_term_string"}}],"inLanguage":"de"}]}},"_links":{"self":[{"href":"https:\/\/www.ledererponzer.com\/de\/wp-json\/wp\/v2\/pages\/867","targetHints":{"allow":["GET"]}}],"collection":[{"href":"https:\/\/www.ledererponzer.com\/de\/wp-json\/wp\/v2\/pages"}],"about":[{"href":"https:\/\/www.ledererponzer.com\/de\/wp-json\/wp\/v2\/types\/page"}],"author":[{"embeddable":true,"href":"https:\/\/www.ledererponzer.com\/de\/wp-json\/wp\/v2\/users\/2"}],"replies":[{"embeddable":true,"href":"https:\/\/www.ledererponzer.com\/de\/wp-json\/wp\/v2\/comments?post=867"}],"version-history":[{"count":3,"href":"https:\/\/www.ledererponzer.com\/de\/wp-json\/wp\/v2\/pages\/867\/revisions"}],"predecessor-version":[{"id":881,"href":"https:\/\/www.ledererponzer.com\/de\/wp-json\/wp\/v2\/pages\/867\/revisions\/881"}],"wp:featuredmedia":[{"embeddable":true,"href":"https:\/\/www.ledererponzer.com\/de\/wp-json\/wp\/v2\/media\/868"}],"wp:attachment":[{"href":"https:\/\/www.ledererponzer.com\/de\/wp-json\/wp\/v2\/media?parent=867"}],"curies":[{"name":"wp","href":"https:\/\/api.w.org\/{rel}","templated":true}]}}