{"id":870,"date":"2020-04-30T11:45:21","date_gmt":"2020-04-30T09:45:21","guid":{"rendered":"https:\/\/www.ledererponzer.com\/beratung-glaenzen-sie-durch-beratung\/"},"modified":"2026-03-26T15:00:45","modified_gmt":"2026-03-26T14:00:45","slug":"beratung-glaenzen-sie-durch-beratung","status":"publish","type":"page","link":"https:\/\/www.ledererponzer.com\/de\/beratung-glaenzen-sie-durch-beratung\/","title":{"rendered":"Beratung \u2013 Gl\u00e4nzen Sie durch Beratung!"},"content":{"rendered":"\n<h2 class=\"wp-block-heading\"><span class=\"has-inline-color has-very-dark-gray-color\"><strong>Unterst\u00fctzen Sie Ihre strategischen Ver\u00e4nderungen \u2013 ob klein oder gro\u00df!<\/strong><\/span><\/h2>\n\n<h3 class=\"wp-block-heading\"><span style=\"color:#61ae24\" class=\"has-inline-color\">Erg\u00e4nzen Sie Ihr Fachwissen. St\u00e4rken Sie Ihre Kapazit\u00e4ten. Erweitern Sie Ihre Erfahrung&#8230;  <\/span><\/h3>\n\n<p>&#8230; durch externe und unparteiische professionelle Unterst\u00fctzung in Ihren Projekten. <\/p>\n\n<div style=\"height:40px\" aria-hidden=\"true\" class=\"wp-block-spacer\"><\/div>\n\n<div style=\"height:40px\" aria-hidden=\"true\" class=\"wp-block-spacer\"><\/div>\n\n<h3 class=\"wp-block-heading\"><span style=\"color:#61ae24\" class=\"has-inline-color\">Ich glaube an erfolgreiche Transformationen &#8230;<\/span><\/h3>\n\n<p>&#8230; durch eine unparteiische Betrachtung der Ziele, Strategie und Kommunikation der Ver\u00e4nderungen und einen praxisorientierten sowie klaren F\u00fchrungsansatz w\u00e4hrend der Umsetzung.<\/p>\n\n<p><strong>Ein tiefes Verst\u00e4ndnis Ihrer spezifischen Herausforderungen ist mein Ausgangspunkt!<\/strong> Verschiedene Gr\u00fcnde k\u00f6nnen Beratungsleistungen zu einer gro\u00dfartigen Option f\u00fcr eine Organisation machen, um ihre Kapazit\u00e4ten zu st\u00e4rken, sei es aufgrund knapper Ressourcen, mangelndem Fachwissen oder fehlender Erfahrung in bestimmten Bereichen. Dar\u00fcber hinaus kann eine externe und unparteiische Moderation Organisationen in kritischen Phasen ihrer Ver\u00e4nderungsprojekte erheblich unterst\u00fctzen. <\/p>\n\n<p><strong>Die Gesch\u00e4ftswelt ver\u00e4ndert sich in so vielen Aspekten so schnell<\/strong> (globaler Wettbewerb, die Geschwindigkeit der Innovation, Prozessoptimierung, Digitalisierung, externe Schocks, neue Arbeitsweisen, Einarbeitung neuer Generationen, Umstrukturierung, Diversifizierung des Portfolios und vieles mehr). Wir werden von der Notwendigkeit von Ver\u00e4nderungen \u00fcberw\u00e4ltigt, die wir nur anwenden sollten, um unsere Position auf dem Markt zu halten. Oft sind entweder die Ressourcen und F\u00e4higkeiten oder das Fachwissen und die Erfahrung nicht ausreichend zum richtigen Zeitpunkt verf\u00fcgbar. <br\/>Wir k\u00f6nnen es uns nicht leisten, ein solches Risiko bei wichtigen Ver\u00e4nderungsprojekten einzugehen. <strong>Externe Ressourcen k\u00f6nnen eine sehr wertvolle, erg\u00e4nzende Form der Unterst\u00fctzung sein<\/strong>, sofern sie gut ausgew\u00e4hlt und zugewiesen werden, um solche Engp\u00e4sse zu \u00fcberwinden.  <\/p>\n\n<p><strong>Mit meiner mehr als 20-j\u00e4hrigen Berufserfahrung<\/strong> in verschiedenen Bereichen des Bankwesens und der IT, im Vertrieb sowie in Unternehmensfunktionen, als Teammitglied, Teamleiter, Abteilungsleiter oder externer Managementberater in strategischen oder operativen Projekten und verantwortlich f\u00fcr RFP-Prozesse, bringe ich ein unsch\u00e4tzbares Fachwissen und Erfahrung in vielen Bereichen mit.<\/p>\n\n<h3 class=\"wp-block-heading\"><span style=\"color:#61ae24\" class=\"has-inline-color\">Wo ich Ihnen helfen kann\u2026<\/span><\/h3>\n\n<p>Dies sind die Bereiche in der <strong>Organisationsentwicklung, Gesch\u00e4ftstransformation und kleineren strategischen Ver\u00e4nderungen<\/strong>, in denen ich spezifische F\u00e4higkeiten besitze und Sie gerne unterst\u00fctzen w\u00fcrde:<\/p>\n\n<p><strong>Strategieentwicklung <span style=\"color:#61ae24\" class=\"has-inline-color\">|<\/span> Governance <span style=\"color:#61ae24\" class=\"has-inline-color\">|<\/span> Kultureller Wandel <span style=\"color:#61ae24\" class=\"has-inline-color\">|<\/span> Change Management <span style=\"color:#61ae24\" class=\"has-inline-color\">|<\/span> Corporate Functions <span style=\"color:#61ae24\" class=\"has-inline-color\">|<\/span> Interne Kommunikation <span style=\"color:#61ae24\" class=\"has-inline-color\">|<\/span> F\u00fchrungskultur <span style=\"color:#61ae24\" class=\"has-inline-color\">|<\/span> F\u00fchrungskr\u00e4fteentwicklung<\/strong><br\/>oder<br\/><strong>Durchf\u00fchrung Ihres RFP-Prozesses <span style=\"color:#61ae24\" class=\"has-inline-color\">|<\/span> Organisation Ihrer Veranstaltungen <span style=\"color:#61ae24\" class=\"has-inline-color\">|<\/span> Inspirierender Redner bei Ihrer Veranstaltung.<\/strong><\/p>\n\n<p><strong>Meiner Erfahrung nach<\/strong> m\u00fcssen Ver\u00e4nderungsprojekte auf die Unternehmenskultur und die Bed\u00fcrfnisse zugeschnitten sein. Basierend auf einem gemeinsamen Verst\u00e4ndnis der Ausgangssituation, der Ziele, der gr\u00f6\u00dften Herausforderungen und der umzusetzenden Hauptver\u00e4nderungen kann ein ma\u00dfgeschneiderter Vorschlag und eine nahtlose Zusammenarbeit gestaltet werden. <\/p>\n\n<p><strong>Der Vorschlag wird<\/strong> eine Reihe von Optionen f\u00fcr Unterst\u00fctzungsleistungen enthalten. Gemeinsam stellen wir dann die am besten passende Kombination dieser Leistungen zusammen, die als Grundlage f\u00fcr mein Angebot an Sie dient.  <\/p>\n\n<p><strong>Ich stehe Ihnen zur Verf\u00fcgung, um Sie bei der Umsetzung Ihrer strategischen Ver\u00e4nderungen in verschiedenen Rollen in Ihrem Projekt zu unterst\u00fctzen. <\/strong>Ich bin zuversichtlich, dass ich einen Mehrwert f\u00fcr Ihre Projekte schaffen werde!<\/p>\n\n<h3 class=\"wp-block-heading\"><span style=\"color:#61ae24\" class=\"has-inline-color\">Lassen Sie uns pr\u00fcfen, wie wir am besten zusammenarbeiten k\u00f6nnen!<\/span><\/h3>\n\n<p><\/p>\n","protected":false},"excerpt":{"rendered":"<p>Unterst\u00fctzen Sie Ihre strategischen Ver\u00e4nderungen \u2013 ob klein oder gro\u00df! Erg\u00e4nzen Sie Ihr Fachwissen. St\u00e4rken Sie Ihre Kapazit\u00e4ten. Erweitern Sie Ihre Erfahrung&#8230; &#8230; durch externe und unparteiische professionelle Unterst\u00fctzung in Ihren Projekten. Ich glaube an erfolgreiche Transformationen &#8230; &#8230; durch eine unparteiische Betrachtung der Ziele, Strategie und Kommunikation der Ver\u00e4nderungen und einen praxisorientierten sowie klaren&hellip;<\/p>\n","protected":false},"author":2,"featured_media":871,"parent":0,"menu_order":0,"comment_status":"closed","ping_status":"closed","template":"","meta":{"footnotes":""},"class_list":["post-870","page","type-page","status-publish","has-post-thumbnail","hentry"],"yoast_head":"<!-- This site is optimized with the Yoast SEO plugin v27.3 - https:\/\/yoast.com\/product\/yoast-seo-wordpress\/ -->\n<title>Beratung \u2013 Gl\u00e4nzen Sie durch Beratung! - Lederer-Ponzer Consulting<\/title>\n<meta name=\"robots\" content=\"index, follow, max-snippet:-1, max-image-preview:large, max-video-preview:-1\" \/>\n<link rel=\"canonical\" href=\"https:\/\/www.ledererponzer.com\/de\/beratung-glaenzen-sie-durch-beratung\/\" \/>\n<meta property=\"og:locale\" content=\"de_DE\" \/>\n<meta property=\"og:type\" content=\"article\" \/>\n<meta property=\"og:title\" content=\"Beratung \u2013 Gl\u00e4nzen Sie durch Beratung! - Lederer-Ponzer Consulting\" \/>\n<meta property=\"og:description\" content=\"Unterst\u00fctzen Sie Ihre strategischen Ver\u00e4nderungen \u2013 ob klein oder gro\u00df! Erg\u00e4nzen Sie Ihr Fachwissen. St\u00e4rken Sie Ihre Kapazit\u00e4ten. Erweitern Sie Ihre Erfahrung&#8230; &#8230; durch externe und unparteiische professionelle Unterst\u00fctzung in Ihren Projekten. Ich glaube an erfolgreiche Transformationen &#8230; &#8230; durch eine unparteiische Betrachtung der Ziele, Strategie und Kommunikation der Ver\u00e4nderungen und einen praxisorientierten sowie klaren&hellip;\" \/>\n<meta property=\"og:url\" content=\"https:\/\/www.ledererponzer.com\/de\/beratung-glaenzen-sie-durch-beratung\/\" \/>\n<meta property=\"og:site_name\" content=\"Lederer-Ponzer Consulting\" \/>\n<meta property=\"article:modified_time\" content=\"2026-03-26T14:00:45+00:00\" \/>\n<meta property=\"og:image\" content=\"https:\/\/www.ledererponzer.com\/wp-content\/uploads\/2020\/07\/Consulting_moderation--scaled.jpeg\" \/>\n\t<meta property=\"og:image:width\" content=\"2560\" \/>\n\t<meta property=\"og:image:height\" content=\"1703\" \/>\n\t<meta property=\"og:image:type\" content=\"image\/jpeg\" \/>\n<meta name=\"twitter:card\" content=\"summary_large_image\" \/>\n<meta name=\"twitter:label1\" content=\"Gesch\u00e4tzte Lesezeit\" \/>\n\t<meta name=\"twitter:data1\" content=\"2\u00a0Minuten\" \/>\n<script type=\"application\/ld+json\" class=\"yoast-schema-graph\">{\"@context\":\"https:\\\/\\\/schema.org\",\"@graph\":[{\"@type\":\"WebPage\",\"@id\":\"https:\\\/\\\/www.ledererponzer.com\\\/de\\\/beratung-glaenzen-sie-durch-beratung\\\/\",\"url\":\"https:\\\/\\\/www.ledererponzer.com\\\/de\\\/beratung-glaenzen-sie-durch-beratung\\\/\",\"name\":\"Beratung \u2013 Gl\u00e4nzen Sie durch Beratung! - Lederer-Ponzer Consulting\",\"isPartOf\":{\"@id\":\"https:\\\/\\\/www.ledererponzer.com\\\/de\\\/#website\"},\"primaryImageOfPage\":{\"@id\":\"https:\\\/\\\/www.ledererponzer.com\\\/de\\\/beratung-glaenzen-sie-durch-beratung\\\/#primaryimage\"},\"image\":{\"@id\":\"https:\\\/\\\/www.ledererponzer.com\\\/de\\\/beratung-glaenzen-sie-durch-beratung\\\/#primaryimage\"},\"thumbnailUrl\":\"https:\\\/\\\/www.ledererponzer.com\\\/wp-content\\\/uploads\\\/2020\\\/07\\\/Consulting_moderation--scaled.jpeg\",\"datePublished\":\"2020-04-30T09:45:21+00:00\",\"dateModified\":\"2026-03-26T14:00:45+00:00\",\"breadcrumb\":{\"@id\":\"https:\\\/\\\/www.ledererponzer.com\\\/de\\\/beratung-glaenzen-sie-durch-beratung\\\/#breadcrumb\"},\"inLanguage\":\"de\",\"potentialAction\":[{\"@type\":\"ReadAction\",\"target\":[\"https:\\\/\\\/www.ledererponzer.com\\\/de\\\/beratung-glaenzen-sie-durch-beratung\\\/\"]}]},{\"@type\":\"ImageObject\",\"inLanguage\":\"de\",\"@id\":\"https:\\\/\\\/www.ledererponzer.com\\\/de\\\/beratung-glaenzen-sie-durch-beratung\\\/#primaryimage\",\"url\":\"https:\\\/\\\/www.ledererponzer.com\\\/wp-content\\\/uploads\\\/2020\\\/07\\\/Consulting_moderation--scaled.jpeg\",\"contentUrl\":\"https:\\\/\\\/www.ledererponzer.com\\\/wp-content\\\/uploads\\\/2020\\\/07\\\/Consulting_moderation--scaled.jpeg\",\"width\":2560,\"height\":1703},{\"@type\":\"BreadcrumbList\",\"@id\":\"https:\\\/\\\/www.ledererponzer.com\\\/de\\\/beratung-glaenzen-sie-durch-beratung\\\/#breadcrumb\",\"itemListElement\":[{\"@type\":\"ListItem\",\"position\":1,\"name\":\"Startseite\",\"item\":\"https:\\\/\\\/www.ledererponzer.com\\\/de\\\/\"},{\"@type\":\"ListItem\",\"position\":2,\"name\":\"Beratung \u2013 Gl\u00e4nzen Sie durch Beratung!\"}]},{\"@type\":\"WebSite\",\"@id\":\"https:\\\/\\\/www.ledererponzer.com\\\/de\\\/#website\",\"url\":\"https:\\\/\\\/www.ledererponzer.com\\\/de\\\/\",\"name\":\"Lederer-Ponzer Consulting\",\"description\":\"Management Consulting &amp; Coaching\",\"potentialAction\":[{\"@type\":\"SearchAction\",\"target\":{\"@type\":\"EntryPoint\",\"urlTemplate\":\"https:\\\/\\\/www.ledererponzer.com\\\/de\\\/?s={search_term_string}\"},\"query-input\":{\"@type\":\"PropertyValueSpecification\",\"valueRequired\":true,\"valueName\":\"search_term_string\"}}],\"inLanguage\":\"de\"}]}<\/script>\n<!-- \/ Yoast SEO plugin. -->","yoast_head_json":{"title":"Beratung \u2013 Gl\u00e4nzen Sie durch Beratung! - Lederer-Ponzer Consulting","robots":{"index":"index","follow":"follow","max-snippet":"max-snippet:-1","max-image-preview":"max-image-preview:large","max-video-preview":"max-video-preview:-1"},"canonical":"https:\/\/www.ledererponzer.com\/de\/beratung-glaenzen-sie-durch-beratung\/","og_locale":"de_DE","og_type":"article","og_title":"Beratung \u2013 Gl\u00e4nzen Sie durch Beratung! - Lederer-Ponzer Consulting","og_description":"Unterst\u00fctzen Sie Ihre strategischen Ver\u00e4nderungen \u2013 ob klein oder gro\u00df! Erg\u00e4nzen Sie Ihr Fachwissen. St\u00e4rken Sie Ihre Kapazit\u00e4ten. Erweitern Sie Ihre Erfahrung&#8230; &#8230; durch externe und unparteiische professionelle Unterst\u00fctzung in Ihren Projekten. Ich glaube an erfolgreiche Transformationen &#8230; &#8230; durch eine unparteiische Betrachtung der Ziele, Strategie und Kommunikation der Ver\u00e4nderungen und einen praxisorientierten sowie klaren&hellip;","og_url":"https:\/\/www.ledererponzer.com\/de\/beratung-glaenzen-sie-durch-beratung\/","og_site_name":"Lederer-Ponzer Consulting","article_modified_time":"2026-03-26T14:00:45+00:00","og_image":[{"width":2560,"height":1703,"url":"https:\/\/www.ledererponzer.com\/wp-content\/uploads\/2020\/07\/Consulting_moderation--scaled.jpeg","type":"image\/jpeg"}],"twitter_card":"summary_large_image","twitter_misc":{"Gesch\u00e4tzte Lesezeit":"2\u00a0Minuten"},"schema":{"@context":"https:\/\/schema.org","@graph":[{"@type":"WebPage","@id":"https:\/\/www.ledererponzer.com\/de\/beratung-glaenzen-sie-durch-beratung\/","url":"https:\/\/www.ledererponzer.com\/de\/beratung-glaenzen-sie-durch-beratung\/","name":"Beratung \u2013 Gl\u00e4nzen Sie durch Beratung! - Lederer-Ponzer Consulting","isPartOf":{"@id":"https:\/\/www.ledererponzer.com\/de\/#website"},"primaryImageOfPage":{"@id":"https:\/\/www.ledererponzer.com\/de\/beratung-glaenzen-sie-durch-beratung\/#primaryimage"},"image":{"@id":"https:\/\/www.ledererponzer.com\/de\/beratung-glaenzen-sie-durch-beratung\/#primaryimage"},"thumbnailUrl":"https:\/\/www.ledererponzer.com\/wp-content\/uploads\/2020\/07\/Consulting_moderation--scaled.jpeg","datePublished":"2020-04-30T09:45:21+00:00","dateModified":"2026-03-26T14:00:45+00:00","breadcrumb":{"@id":"https:\/\/www.ledererponzer.com\/de\/beratung-glaenzen-sie-durch-beratung\/#breadcrumb"},"inLanguage":"de","potentialAction":[{"@type":"ReadAction","target":["https:\/\/www.ledererponzer.com\/de\/beratung-glaenzen-sie-durch-beratung\/"]}]},{"@type":"ImageObject","inLanguage":"de","@id":"https:\/\/www.ledererponzer.com\/de\/beratung-glaenzen-sie-durch-beratung\/#primaryimage","url":"https:\/\/www.ledererponzer.com\/wp-content\/uploads\/2020\/07\/Consulting_moderation--scaled.jpeg","contentUrl":"https:\/\/www.ledererponzer.com\/wp-content\/uploads\/2020\/07\/Consulting_moderation--scaled.jpeg","width":2560,"height":1703},{"@type":"BreadcrumbList","@id":"https:\/\/www.ledererponzer.com\/de\/beratung-glaenzen-sie-durch-beratung\/#breadcrumb","itemListElement":[{"@type":"ListItem","position":1,"name":"Startseite","item":"https:\/\/www.ledererponzer.com\/de\/"},{"@type":"ListItem","position":2,"name":"Beratung \u2013 Gl\u00e4nzen Sie durch Beratung!"}]},{"@type":"WebSite","@id":"https:\/\/www.ledererponzer.com\/de\/#website","url":"https:\/\/www.ledererponzer.com\/de\/","name":"Lederer-Ponzer Consulting","description":"Management Consulting &amp; Coaching","potentialAction":[{"@type":"SearchAction","target":{"@type":"EntryPoint","urlTemplate":"https:\/\/www.ledererponzer.com\/de\/?s={search_term_string}"},"query-input":{"@type":"PropertyValueSpecification","valueRequired":true,"valueName":"search_term_string"}}],"inLanguage":"de"}]}},"_links":{"self":[{"href":"https:\/\/www.ledererponzer.com\/de\/wp-json\/wp\/v2\/pages\/870","targetHints":{"allow":["GET"]}}],"collection":[{"href":"https:\/\/www.ledererponzer.com\/de\/wp-json\/wp\/v2\/pages"}],"about":[{"href":"https:\/\/www.ledererponzer.com\/de\/wp-json\/wp\/v2\/types\/page"}],"author":[{"embeddable":true,"href":"https:\/\/www.ledererponzer.com\/de\/wp-json\/wp\/v2\/users\/2"}],"replies":[{"embeddable":true,"href":"https:\/\/www.ledererponzer.com\/de\/wp-json\/wp\/v2\/comments?post=870"}],"version-history":[{"count":1,"href":"https:\/\/www.ledererponzer.com\/de\/wp-json\/wp\/v2\/pages\/870\/revisions"}],"predecessor-version":[{"id":872,"href":"https:\/\/www.ledererponzer.com\/de\/wp-json\/wp\/v2\/pages\/870\/revisions\/872"}],"wp:featuredmedia":[{"embeddable":true,"href":"https:\/\/www.ledererponzer.com\/de\/wp-json\/wp\/v2\/media\/871"}],"wp:attachment":[{"href":"https:\/\/www.ledererponzer.com\/de\/wp-json\/wp\/v2\/media?parent=870"}],"curies":[{"name":"wp","href":"https:\/\/api.w.org\/{rel}","templated":true}]}}