{"id":917,"date":"2018-10-22T15:00:47","date_gmt":"2018-10-22T13:00:47","guid":{"rendered":"https:\/\/www.ledererponzer.com\/impressum\/"},"modified":"2026-04-10T11:57:38","modified_gmt":"2026-04-10T09:57:38","slug":"impressum","status":"publish","type":"page","link":"https:\/\/www.ledererponzer.com\/de\/impressum\/","title":{"rendered":"Impressum"},"content":{"rendered":"\n<p class=\"has-medium-font-size\"><strong>Allgemeine Informationen<\/strong><\/p>\n\n<p><strong>LEDERER-PONZER CONSULTING e.U.<\/strong> | Mag. Alexandra Lederer-Ponzer<br\/>Unternehmensberatung einschlie\u00dflich Coaching<br\/>Eingetragenes Einzelunternehmen <\/p>\n\n<p>Adresse Peter-Jordan-Stra\u00dfe 179\/4, 1180 Wien, \u00d6sterreich<br\/>Telefon +43 664 8181396<br\/>E-Mail contact@ledererponzer.com<br\/>Website www.ledererponzer.com<\/p>\n\n<p>Mitglied der Wirtschaftskammer \u00d6sterreich, Fachgruppe UBIT (Unternehmensberatung, Buchhaltung und Informationstechnologie)<\/p>\n\n<div style=\"height:40px\" aria-hidden=\"true\" class=\"wp-block-spacer\"><\/div>\n\n<div class=\"wp-block-group\"><div class=\"wp-block-group__inner-container is-layout-flow wp-block-group-is-layout-flow\">\n<p class=\"has-medium-font-size\"><strong>Rechtliche Informationen<\/strong><\/p>\n\n\n\n<figure class=\"wp-block-table\"><table><tbody><tr><td>Gerichtsstand:<\/td><td>Wien, \u00d6sterreich | Handelsgericht Wien<\/td><\/tr><tr><td>Anwendbares Recht: <\/td><td>\u00d6sterreichisches Recht<\/td><\/tr><tr><td>Firmenbuch:<\/td><td>FN 505054b<\/td><\/tr><tr><td>Gewerbeordnung:<\/td><td><a rel=\"noreferrer noopener\" href=\"https:\/\/www.ris.bka.gv.at\/defaultEn.aspx\" target=\"_blank\">ris.bka.gv.at<\/a><\/td><\/tr><tr><td>Gewerbebeh\u00f6rde: <\/td><td>Magistrat der Stadt Wien | Magistratisches Bezirksamt f\u00fcr den 18<sup>.<\/sup> Bezirk<\/td><\/tr><tr><td>Steuernummer: <\/td><td>UID-Nr. \u2013 noch nicht verf\u00fcgbar; Kleinstunternehmen gem\u00e4\u00df<br\/>Art. 6 Abs. 1 Z 27 UStG (Umsatzsteuergesetz)  <\/td><\/tr><\/tbody><\/table><\/figure>\n\n\n\n<p><em><strong>Offenlegung gem\u00e4\u00df Art. 25 Abs. 5 MedienG (Mediengesetz)<\/strong><\/em><\/p>\n\n\n\n<figure class=\"wp-block-table\"><table><tbody><tr><td>Medieninhaber:<\/td><td>LEDERER-PONZER Consulting e.U.<\/td><\/tr><tr><td>Unternehmensgegenstand:<\/td><td>Unternehmensberatung<\/td><\/tr><tr><td>Sitz:<\/td><td>Peter-Jordan-Stra\u00dfe 179\/4, 1180 Wien, \u00d6sterreich<\/td><\/tr><\/tbody><\/table><\/figure>\n\n\n\n<div style=\"height:40px\" aria-hidden=\"true\" class=\"wp-block-spacer\"><\/div>\n\n\n\n<p class=\"has-medium-font-size\"><strong>Medien &amp; Redaktion<\/strong><\/p>\n\n\n\n<figure class=\"wp-block-table\"><table><tbody><tr><td>Webdesign:<\/td><td>Marie-Luise Bolius | <a rel=\"noreferrer noopener\" href=\"https:\/\/www.grafikwien.com\/\" target=\"_blank\">GrafikerInWien<\/a><\/td><\/tr><tr><td>Fotos:<\/td><td>Leadership &amp; Coaching Fotos: Niklas Schnaubelt | <a href=\"https:\/\/schnaubelt.co\/\">schnaubelt.co<\/a><\/td><\/tr><tr><td><\/td><td>Consulting Foto: Brano Herchl | <a href=\"http:\/\/branoherchl.sk\">branoherchl.sk<\/a><\/td><\/tr><tr><td><\/td><td>Startseite\/Home Foto: Pexels GmbH | <a href=\"https:\/\/www.pexels.com\/\">pexels.com<\/a><\/td><\/tr><tr><td><\/td><td>\u00dcber mich Fotos: Niklas Schnaubelt (#1) | A. Lederer-Ponzer (#2)<\/td><\/tr><tr><td>Redaktion: <\/td><td>Alexandra Lederer-Ponzer<\/td><\/tr><\/tbody><\/table><\/figure>\n\n\n\n<div style=\"height:40px\" aria-hidden=\"true\" class=\"wp-block-spacer\"><\/div>\n\n\n\n<p class=\"has-medium-font-size\"><strong>Urheberrecht<\/strong><\/p>\n\n\n\n<p><strong>\u00a9 <\/strong>LEDERER-PONZER Consulting e.U. | 2020<br\/>Alle Inhalte dieser Website sind urheberrechtlich gesch\u00fctzt. Die Verwendung oder Weitergabe an Dritte ohne ausdr\u00fcckliche vorherige schriftliche Zustimmung von LEDERER-PONZER Consulting e.U. | Alexandra Lederer-Ponzer ist untersagt. Alle Rechte vorbehalten.  <\/p>\n<\/div><\/div>\n\n<div style=\"height:40px\" aria-hidden=\"true\" class=\"wp-block-spacer\"><\/div>\n\n<div class=\"wp-block-group\"><div class=\"wp-block-group__inner-container is-layout-flow wp-block-group-is-layout-flow\">\n<p class=\"has-medium-font-size\"><strong>Haftungsausschluss<\/strong><\/p>\n\n\n\n<p>Tippfehler und \u00c4nderungen vorbehalten. Die Inhalte und Informationen auf der Website www.ledererponzer.com werden von uns regelm\u00e4\u00dfig gepr\u00fcft und aktualisiert. Dennoch ist es m\u00f6glich, dass auf der Website bereitgestellte Informationen bereits ge\u00e4ndert wurden. Daher \u00fcbernimmt LEDERER-PONZER Consulting e.U. keine Haftung oder Gew\u00e4hr f\u00fcr Aktualit\u00e4t, Richtigkeit und Vollst\u00e4ndigkeit.   <\/p>\n<\/div><\/div>\n\n<div style=\"height:40px\" aria-hidden=\"true\" class=\"wp-block-spacer\"><\/div>\n\n<div class=\"wp-block-group\"><div class=\"wp-block-group__inner-container is-layout-flow wp-block-group-is-layout-flow\">\n<p class=\"has-medium-font-size\"><strong>Verweise und Links<\/strong><\/p>\n\n\n\n<p>LEDERER-PONZER Consulting e.U. | Mag. Alexandra Lederer-Ponzer \u00fcbernimmt keine Haftung f\u00fcr die Inhalte und Informationen, deren Richtigkeit, Vollst\u00e4ndigkeit oder Authentizit\u00e4t von Internetseiten, auf die diese Website mittels Hypertext-Links verweist. Der Zugriff auf andere Websites \u00fcber diese Hypertext-Links erfolgt auf eigenes Risiko der Nutzerin bzw. des Nutzers.<br\/>F\u00fcr Inhalte verlinkter Seiten sind ausschlie\u00dflich deren Betreiber verantwortlich.  <\/p>\n<\/div><\/div>\n\n<p><\/p>\n","protected":false},"excerpt":{"rendered":"<p>Allgemeine Informationen LEDERER-PONZER CONSULTING e.U. | Mag. Alexandra Lederer-PonzerUnternehmensberatung einschlie\u00dflich CoachingEingetragenes Einzelunternehmen Adresse Peter-Jordan-Stra\u00dfe 179\/4, 1180 Wien, \u00d6sterreichTelefon +43 664 8181396E-Mail contact@ledererponzer.comWebsite www.ledererponzer.com Mitglied der Wirtschaftskammer \u00d6sterreich, Fachgruppe UBIT (Unternehmensberatung, Buchhaltung und Informationstechnologie) Rechtliche Informationen Gerichtsstand: Wien, \u00d6sterreich | Handelsgericht Wien Anwendbares Recht: \u00d6sterreichisches Recht Firmenbuch: FN 505054b Gewerbeordnung: ris.bka.gv.at Gewerbebeh\u00f6rde: Magistrat der Stadt Wien&hellip;<\/p>\n","protected":false},"author":2,"featured_media":0,"parent":0,"menu_order":0,"comment_status":"closed","ping_status":"closed","template":"","meta":{"footnotes":""},"class_list":["post-917","page","type-page","status-publish","hentry"],"yoast_head":"<!-- This site is optimized with the Yoast SEO plugin v27.3 - https:\/\/yoast.com\/product\/yoast-seo-wordpress\/ -->\n<title>Impressum - Lederer-Ponzer Consulting<\/title>\n<meta name=\"robots\" content=\"index, follow, max-snippet:-1, max-image-preview:large, max-video-preview:-1\" \/>\n<link rel=\"canonical\" href=\"https:\/\/www.ledererponzer.com\/de\/impressum\/\" \/>\n<meta property=\"og:locale\" content=\"de_DE\" \/>\n<meta property=\"og:type\" content=\"article\" \/>\n<meta property=\"og:title\" content=\"Impressum - Lederer-Ponzer Consulting\" \/>\n<meta property=\"og:description\" content=\"Allgemeine Informationen LEDERER-PONZER CONSULTING e.U. | Mag. Alexandra Lederer-PonzerUnternehmensberatung einschlie\u00dflich CoachingEingetragenes Einzelunternehmen Adresse Peter-Jordan-Stra\u00dfe 179\/4, 1180 Wien, \u00d6sterreichTelefon +43 664 8181396E-Mail contact@ledererponzer.comWebsite www.ledererponzer.com Mitglied der Wirtschaftskammer \u00d6sterreich, Fachgruppe UBIT (Unternehmensberatung, Buchhaltung und Informationstechnologie) Rechtliche Informationen Gerichtsstand: Wien, \u00d6sterreich | Handelsgericht Wien Anwendbares Recht: \u00d6sterreichisches Recht Firmenbuch: FN 505054b Gewerbeordnung: ris.bka.gv.at Gewerbebeh\u00f6rde: Magistrat der Stadt Wien&hellip;\" \/>\n<meta property=\"og:url\" content=\"https:\/\/www.ledererponzer.com\/de\/impressum\/\" \/>\n<meta property=\"og:site_name\" content=\"Lederer-Ponzer Consulting\" \/>\n<meta property=\"article:modified_time\" content=\"2026-04-10T09:57:38+00:00\" \/>\n<meta name=\"twitter:card\" content=\"summary_large_image\" \/>\n<meta name=\"twitter:label1\" content=\"Gesch\u00e4tzte Lesezeit\" \/>\n\t<meta name=\"twitter:data1\" content=\"1\u00a0Minute\" \/>\n<script type=\"application\/ld+json\" class=\"yoast-schema-graph\">{\"@context\":\"https:\\\/\\\/schema.org\",\"@graph\":[{\"@type\":\"WebPage\",\"@id\":\"https:\\\/\\\/www.ledererponzer.com\\\/de\\\/impressum\\\/\",\"url\":\"https:\\\/\\\/www.ledererponzer.com\\\/de\\\/impressum\\\/\",\"name\":\"Impressum - Lederer-Ponzer Consulting\",\"isPartOf\":{\"@id\":\"https:\\\/\\\/www.ledererponzer.com\\\/de\\\/#website\"},\"datePublished\":\"2018-10-22T13:00:47+00:00\",\"dateModified\":\"2026-04-10T09:57:38+00:00\",\"breadcrumb\":{\"@id\":\"https:\\\/\\\/www.ledererponzer.com\\\/de\\\/impressum\\\/#breadcrumb\"},\"inLanguage\":\"de\",\"potentialAction\":[{\"@type\":\"ReadAction\",\"target\":[\"https:\\\/\\\/www.ledererponzer.com\\\/de\\\/impressum\\\/\"]}]},{\"@type\":\"BreadcrumbList\",\"@id\":\"https:\\\/\\\/www.ledererponzer.com\\\/de\\\/impressum\\\/#breadcrumb\",\"itemListElement\":[{\"@type\":\"ListItem\",\"position\":1,\"name\":\"Startseite\",\"item\":\"https:\\\/\\\/www.ledererponzer.com\\\/de\\\/\"},{\"@type\":\"ListItem\",\"position\":2,\"name\":\"Impressum\"}]},{\"@type\":\"WebSite\",\"@id\":\"https:\\\/\\\/www.ledererponzer.com\\\/de\\\/#website\",\"url\":\"https:\\\/\\\/www.ledererponzer.com\\\/de\\\/\",\"name\":\"Lederer-Ponzer Consulting\",\"description\":\"Management Consulting &amp; Coaching\",\"potentialAction\":[{\"@type\":\"SearchAction\",\"target\":{\"@type\":\"EntryPoint\",\"urlTemplate\":\"https:\\\/\\\/www.ledererponzer.com\\\/de\\\/?s={search_term_string}\"},\"query-input\":{\"@type\":\"PropertyValueSpecification\",\"valueRequired\":true,\"valueName\":\"search_term_string\"}}],\"inLanguage\":\"de\"}]}<\/script>\n<!-- \/ Yoast SEO plugin. -->","yoast_head_json":{"title":"Impressum - Lederer-Ponzer Consulting","robots":{"index":"index","follow":"follow","max-snippet":"max-snippet:-1","max-image-preview":"max-image-preview:large","max-video-preview":"max-video-preview:-1"},"canonical":"https:\/\/www.ledererponzer.com\/de\/impressum\/","og_locale":"de_DE","og_type":"article","og_title":"Impressum - Lederer-Ponzer Consulting","og_description":"Allgemeine Informationen LEDERER-PONZER CONSULTING e.U. | Mag. Alexandra Lederer-PonzerUnternehmensberatung einschlie\u00dflich CoachingEingetragenes Einzelunternehmen Adresse Peter-Jordan-Stra\u00dfe 179\/4, 1180 Wien, \u00d6sterreichTelefon +43 664 8181396E-Mail contact@ledererponzer.comWebsite www.ledererponzer.com Mitglied der Wirtschaftskammer \u00d6sterreich, Fachgruppe UBIT (Unternehmensberatung, Buchhaltung und Informationstechnologie) Rechtliche Informationen Gerichtsstand: Wien, \u00d6sterreich | Handelsgericht Wien Anwendbares Recht: \u00d6sterreichisches Recht Firmenbuch: FN 505054b Gewerbeordnung: ris.bka.gv.at Gewerbebeh\u00f6rde: Magistrat der Stadt Wien&hellip;","og_url":"https:\/\/www.ledererponzer.com\/de\/impressum\/","og_site_name":"Lederer-Ponzer Consulting","article_modified_time":"2026-04-10T09:57:38+00:00","twitter_card":"summary_large_image","twitter_misc":{"Gesch\u00e4tzte Lesezeit":"1\u00a0Minute"},"schema":{"@context":"https:\/\/schema.org","@graph":[{"@type":"WebPage","@id":"https:\/\/www.ledererponzer.com\/de\/impressum\/","url":"https:\/\/www.ledererponzer.com\/de\/impressum\/","name":"Impressum - Lederer-Ponzer Consulting","isPartOf":{"@id":"https:\/\/www.ledererponzer.com\/de\/#website"},"datePublished":"2018-10-22T13:00:47+00:00","dateModified":"2026-04-10T09:57:38+00:00","breadcrumb":{"@id":"https:\/\/www.ledererponzer.com\/de\/impressum\/#breadcrumb"},"inLanguage":"de","potentialAction":[{"@type":"ReadAction","target":["https:\/\/www.ledererponzer.com\/de\/impressum\/"]}]},{"@type":"BreadcrumbList","@id":"https:\/\/www.ledererponzer.com\/de\/impressum\/#breadcrumb","itemListElement":[{"@type":"ListItem","position":1,"name":"Startseite","item":"https:\/\/www.ledererponzer.com\/de\/"},{"@type":"ListItem","position":2,"name":"Impressum"}]},{"@type":"WebSite","@id":"https:\/\/www.ledererponzer.com\/de\/#website","url":"https:\/\/www.ledererponzer.com\/de\/","name":"Lederer-Ponzer Consulting","description":"Management Consulting &amp; Coaching","potentialAction":[{"@type":"SearchAction","target":{"@type":"EntryPoint","urlTemplate":"https:\/\/www.ledererponzer.com\/de\/?s={search_term_string}"},"query-input":{"@type":"PropertyValueSpecification","valueRequired":true,"valueName":"search_term_string"}}],"inLanguage":"de"}]}},"_links":{"self":[{"href":"https:\/\/www.ledererponzer.com\/de\/wp-json\/wp\/v2\/pages\/917","targetHints":{"allow":["GET"]}}],"collection":[{"href":"https:\/\/www.ledererponzer.com\/de\/wp-json\/wp\/v2\/pages"}],"about":[{"href":"https:\/\/www.ledererponzer.com\/de\/wp-json\/wp\/v2\/types\/page"}],"author":[{"embeddable":true,"href":"https:\/\/www.ledererponzer.com\/de\/wp-json\/wp\/v2\/users\/2"}],"replies":[{"embeddable":true,"href":"https:\/\/www.ledererponzer.com\/de\/wp-json\/wp\/v2\/comments?post=917"}],"version-history":[{"count":1,"href":"https:\/\/www.ledererponzer.com\/de\/wp-json\/wp\/v2\/pages\/917\/revisions"}],"predecessor-version":[{"id":918,"href":"https:\/\/www.ledererponzer.com\/de\/wp-json\/wp\/v2\/pages\/917\/revisions\/918"}],"wp:attachment":[{"href":"https:\/\/www.ledererponzer.com\/de\/wp-json\/wp\/v2\/media?parent=917"}],"curies":[{"name":"wp","href":"https:\/\/api.w.org\/{rel}","templated":true}]}}